{"id":24,"date":"2024-07-13T19:33:36","date_gmt":"2024-07-13T19:33:36","guid":{"rendered":"https:\/\/chor.juliaaaa.de\/?page_id=24"},"modified":"2024-07-13T19:33:37","modified_gmt":"2024-07-13T19:33:37","slug":"impressum","status":"publish","type":"page","link":"https:\/\/cesinheidelberg.de\/index.php\/impressum\/","title":{"rendered":"Impressum"},"content":{"rendered":"\n<p>Chorgemeinschaft Eintracht-S\u00e4ngerbund e.V.<\/p>\n\n\n\n<p><strong>Inhaltlich Verantwortlicher<\/strong><\/p>\n\n\n\n<p>1. Vorsitzender<br>Dieter Berberich<br>Bruchh\u00e4user Weg 12<br>69124 Heidelberg<\/p>\n\n\n\n<p>Tel.: 06221\/784313<br>E-Mail: dieter.<a href=\"javascript:x5engine.utils.emailTo('2443341','deine.-onlh@tricerbeb','','')\">berberich@t-online.de<\/a><br><br>ces.heidelberg@yahoo.de<\/p>\n\n\n\n<p>Internet: https:\/\/www.cesinheidelberg.de<\/p>\n\n\n\n<p><strong>Registergericht<\/strong><br>Amtsgericht Mannheim<\/p>\n\n\n\n<p><strong>Vereinsregisternummer<\/strong><br>VR 333165<\/p>\n\n\n\n<p><strong>Haftungsausschluss<\/strong><\/p>\n\n\n\n<p>Es wird keine Haftung f\u00fcr die Inhalte externer Links \u00fcbernommen. F\u00fcr die Inhalte der verlinkten Seiten sind ausschlie\u00dflich deren Betreiber verantwortlich.<\/p>\n\n\n\n<p>Es wird hiermit ausdr\u00fccklich erkl\u00e4rt, dass zum Zeitpunkt der Linksetzung keine illegalen Inhalte auf den zu verlinkenden Seiten erkennbar waren.<\/p>\n\n\n\n<p>Auf die aktuelle und zuk\u00fcnftige Gestaltung, die Inhalte oder die Urheberschaft der verlinkten Seiten besteht keinerlei Einfluss.<\/p>\n\n\n\n<p>Bitte benutzen Sie bei Schriftwechseln die Postanschrift des Vorsitzenden.<\/p>\n\n\n\n<p>Wenn Sie Fragen oder Anmerkungen haben, wenden Sie sich bitte an eines der Vorstands mitglieder des Vereins.<\/p>\n","protected":false},"excerpt":{"rendered":"<p>Chorgemeinschaft Eintracht-S\u00e4ngerbund e.V. Inhaltlich Verantwortlicher 1. VorsitzenderDieter BerberichBruchh\u00e4user Weg 1269124 Heidelberg Tel.: 06221\/784313E-Mail: dieter.berberich@t-online.de ces.heidelberg@yahoo.de Internet: https:\/\/www.cesinheidelberg.de RegistergerichtAmtsgericht Mannheim VereinsregisternummerVR 333165 Haftungsausschluss Es wird keine Haftung f\u00fcr die Inhalte externer Links \u00fcbernommen. F\u00fcr die Inhalte der verlinkten Seiten sind ausschlie\u00dflich deren Betreiber verantwortlich. Es wird hiermit ausdr\u00fccklich erkl\u00e4rt, dass zum Zeitpunkt der Linksetzung keine illegalen [&hellip;]<\/p>\n","protected":false},"author":1,"featured_media":0,"parent":0,"menu_order":0,"comment_status":"closed","ping_status":"closed","template":"","meta":{"_themeisle_gutenberg_block_has_review":false,"footnotes":""},"class_list":["post-24","page","type-page","status-publish","hentry"],"yoast_head":"<!-- This site is optimized with the Yoast SEO plugin v27.5 - https:\/\/yoast.com\/product\/yoast-seo-wordpress\/ -->\n<title>Impressum - CES Chor Heidelberg<\/title>\n<meta name=\"robots\" content=\"index, follow, max-snippet:-1, max-image-preview:large, max-video-preview:-1\" \/>\n<link rel=\"canonical\" href=\"https:\/\/cesinheidelberg.de\/index.php\/impressum\/\" \/>\n<meta property=\"og:locale\" content=\"de_DE\" \/>\n<meta property=\"og:type\" content=\"article\" \/>\n<meta property=\"og:title\" content=\"Impressum - CES Chor Heidelberg\" \/>\n<meta property=\"og:description\" content=\"Chorgemeinschaft Eintracht-S\u00e4ngerbund e.V. Inhaltlich Verantwortlicher 1. VorsitzenderDieter BerberichBruchh\u00e4user Weg 1269124 Heidelberg Tel.: 06221\/784313E-Mail: dieter.berberich@t-online.de ces.heidelberg@yahoo.de Internet: https:\/\/www.cesinheidelberg.de RegistergerichtAmtsgericht Mannheim VereinsregisternummerVR 333165 Haftungsausschluss Es wird keine Haftung f\u00fcr die Inhalte externer Links \u00fcbernommen. F\u00fcr die Inhalte der verlinkten Seiten sind ausschlie\u00dflich deren Betreiber verantwortlich. Es wird hiermit ausdr\u00fccklich erkl\u00e4rt, dass zum Zeitpunkt der Linksetzung keine illegalen [&hellip;]\" \/>\n<meta property=\"og:url\" content=\"https:\/\/cesinheidelberg.de\/index.php\/impressum\/\" \/>\n<meta property=\"og:site_name\" content=\"CES Chor Heidelberg\" \/>\n<meta property=\"article:modified_time\" content=\"2024-07-13T19:33:37+00:00\" \/>\n<meta name=\"twitter:card\" content=\"summary_large_image\" \/>\n<meta name=\"twitter:label1\" content=\"Gesch\u00e4tzte Lesezeit\" \/>\n\t<meta name=\"twitter:data1\" content=\"1\u00a0Minute\" \/>\n<script type=\"application\/ld+json\" class=\"yoast-schema-graph\">{\"@context\":\"https:\\\/\\\/schema.org\",\"@graph\":[{\"@type\":\"WebPage\",\"@id\":\"https:\\\/\\\/cesinheidelberg.de\\\/index.php\\\/impressum\\\/\",\"url\":\"https:\\\/\\\/cesinheidelberg.de\\\/index.php\\\/impressum\\\/\",\"name\":\"Impressum - CES Chor Heidelberg\",\"isPartOf\":{\"@id\":\"https:\\\/\\\/cesinheidelberg.de\\\/#website\"},\"datePublished\":\"2024-07-13T19:33:36+00:00\",\"dateModified\":\"2024-07-13T19:33:37+00:00\",\"breadcrumb\":{\"@id\":\"https:\\\/\\\/cesinheidelberg.de\\\/index.php\\\/impressum\\\/#breadcrumb\"},\"inLanguage\":\"de\",\"potentialAction\":[{\"@type\":\"ReadAction\",\"target\":[\"https:\\\/\\\/cesinheidelberg.de\\\/index.php\\\/impressum\\\/\"]}]},{\"@type\":\"BreadcrumbList\",\"@id\":\"https:\\\/\\\/cesinheidelberg.de\\\/index.php\\\/impressum\\\/#breadcrumb\",\"itemListElement\":[{\"@type\":\"ListItem\",\"position\":1,\"name\":\"Startseite\",\"item\":\"https:\\\/\\\/cesinheidelberg.de\\\/\"},{\"@type\":\"ListItem\",\"position\":2,\"name\":\"Impressum\"}]},{\"@type\":\"WebSite\",\"@id\":\"https:\\\/\\\/cesinheidelberg.de\\\/#website\",\"url\":\"https:\\\/\\\/cesinheidelberg.de\\\/\",\"name\":\"CES Chor Heidelberg\",\"description\":\"\",\"publisher\":{\"@id\":\"https:\\\/\\\/cesinheidelberg.de\\\/#organization\"},\"potentialAction\":[{\"@type\":\"SearchAction\",\"target\":{\"@type\":\"EntryPoint\",\"urlTemplate\":\"https:\\\/\\\/cesinheidelberg.de\\\/?s={search_term_string}\"},\"query-input\":{\"@type\":\"PropertyValueSpecification\",\"valueRequired\":true,\"valueName\":\"search_term_string\"}}],\"inLanguage\":\"de\"},{\"@type\":\"Organization\",\"@id\":\"https:\\\/\\\/cesinheidelberg.de\\\/#organization\",\"name\":\"CES Chor Heidelberg\",\"url\":\"https:\\\/\\\/cesinheidelberg.de\\\/\",\"logo\":{\"@type\":\"ImageObject\",\"inLanguage\":\"de\",\"@id\":\"https:\\\/\\\/cesinheidelberg.de\\\/#\\\/schema\\\/logo\\\/image\\\/\",\"url\":\"https:\\\/\\\/cesinheidelberg.de\\\/wp-content\\\/uploads\\\/2024\\\/07\\\/ces-logo.png\",\"contentUrl\":\"https:\\\/\\\/cesinheidelberg.de\\\/wp-content\\\/uploads\\\/2024\\\/07\\\/ces-logo.png\",\"width\":300,\"height\":90,\"caption\":\"CES Chor Heidelberg\"},\"image\":{\"@id\":\"https:\\\/\\\/cesinheidelberg.de\\\/#\\\/schema\\\/logo\\\/image\\\/\"}}]}<\/script>\n<!-- \/ Yoast SEO plugin. -->","yoast_head_json":{"title":"Impressum - CES Chor Heidelberg","robots":{"index":"index","follow":"follow","max-snippet":"max-snippet:-1","max-image-preview":"max-image-preview:large","max-video-preview":"max-video-preview:-1"},"canonical":"https:\/\/cesinheidelberg.de\/index.php\/impressum\/","og_locale":"de_DE","og_type":"article","og_title":"Impressum - CES Chor Heidelberg","og_description":"Chorgemeinschaft Eintracht-S\u00e4ngerbund e.V. Inhaltlich Verantwortlicher 1. VorsitzenderDieter BerberichBruchh\u00e4user Weg 1269124 Heidelberg Tel.: 06221\/784313E-Mail: dieter.berberich@t-online.de ces.heidelberg@yahoo.de Internet: https:\/\/www.cesinheidelberg.de RegistergerichtAmtsgericht Mannheim VereinsregisternummerVR 333165 Haftungsausschluss Es wird keine Haftung f\u00fcr die Inhalte externer Links \u00fcbernommen. F\u00fcr die Inhalte der verlinkten Seiten sind ausschlie\u00dflich deren Betreiber verantwortlich. Es wird hiermit ausdr\u00fccklich erkl\u00e4rt, dass zum Zeitpunkt der Linksetzung keine illegalen [&hellip;]","og_url":"https:\/\/cesinheidelberg.de\/index.php\/impressum\/","og_site_name":"CES Chor Heidelberg","article_modified_time":"2024-07-13T19:33:37+00:00","twitter_card":"summary_large_image","twitter_misc":{"Gesch\u00e4tzte Lesezeit":"1\u00a0Minute"},"schema":{"@context":"https:\/\/schema.org","@graph":[{"@type":"WebPage","@id":"https:\/\/cesinheidelberg.de\/index.php\/impressum\/","url":"https:\/\/cesinheidelberg.de\/index.php\/impressum\/","name":"Impressum - CES Chor Heidelberg","isPartOf":{"@id":"https:\/\/cesinheidelberg.de\/#website"},"datePublished":"2024-07-13T19:33:36+00:00","dateModified":"2024-07-13T19:33:37+00:00","breadcrumb":{"@id":"https:\/\/cesinheidelberg.de\/index.php\/impressum\/#breadcrumb"},"inLanguage":"de","potentialAction":[{"@type":"ReadAction","target":["https:\/\/cesinheidelberg.de\/index.php\/impressum\/"]}]},{"@type":"BreadcrumbList","@id":"https:\/\/cesinheidelberg.de\/index.php\/impressum\/#breadcrumb","itemListElement":[{"@type":"ListItem","position":1,"name":"Startseite","item":"https:\/\/cesinheidelberg.de\/"},{"@type":"ListItem","position":2,"name":"Impressum"}]},{"@type":"WebSite","@id":"https:\/\/cesinheidelberg.de\/#website","url":"https:\/\/cesinheidelberg.de\/","name":"CES Chor Heidelberg","description":"","publisher":{"@id":"https:\/\/cesinheidelberg.de\/#organization"},"potentialAction":[{"@type":"SearchAction","target":{"@type":"EntryPoint","urlTemplate":"https:\/\/cesinheidelberg.de\/?s={search_term_string}"},"query-input":{"@type":"PropertyValueSpecification","valueRequired":true,"valueName":"search_term_string"}}],"inLanguage":"de"},{"@type":"Organization","@id":"https:\/\/cesinheidelberg.de\/#organization","name":"CES Chor Heidelberg","url":"https:\/\/cesinheidelberg.de\/","logo":{"@type":"ImageObject","inLanguage":"de","@id":"https:\/\/cesinheidelberg.de\/#\/schema\/logo\/image\/","url":"https:\/\/cesinheidelberg.de\/wp-content\/uploads\/2024\/07\/ces-logo.png","contentUrl":"https:\/\/cesinheidelberg.de\/wp-content\/uploads\/2024\/07\/ces-logo.png","width":300,"height":90,"caption":"CES Chor Heidelberg"},"image":{"@id":"https:\/\/cesinheidelberg.de\/#\/schema\/logo\/image\/"}}]}},"_links":{"self":[{"href":"https:\/\/cesinheidelberg.de\/index.php\/wp-json\/wp\/v2\/pages\/24","targetHints":{"allow":["GET"]}}],"collection":[{"href":"https:\/\/cesinheidelberg.de\/index.php\/wp-json\/wp\/v2\/pages"}],"about":[{"href":"https:\/\/cesinheidelberg.de\/index.php\/wp-json\/wp\/v2\/types\/page"}],"author":[{"embeddable":true,"href":"https:\/\/cesinheidelberg.de\/index.php\/wp-json\/wp\/v2\/users\/1"}],"replies":[{"embeddable":true,"href":"https:\/\/cesinheidelberg.de\/index.php\/wp-json\/wp\/v2\/comments?post=24"}],"version-history":[{"count":1,"href":"https:\/\/cesinheidelberg.de\/index.php\/wp-json\/wp\/v2\/pages\/24\/revisions"}],"predecessor-version":[{"id":47,"href":"https:\/\/cesinheidelberg.de\/index.php\/wp-json\/wp\/v2\/pages\/24\/revisions\/47"}],"wp:attachment":[{"href":"https:\/\/cesinheidelberg.de\/index.php\/wp-json\/wp\/v2\/media?parent=24"}],"curies":[{"name":"wp","href":"https:\/\/api.w.org\/{rel}","templated":true}]}}